{"id":1520,"date":"2017-03-08T07:18:04","date_gmt":"2017-03-08T07:18:04","guid":{"rendered":"https:\/\/smartdata.tonytemplates.com\/car-repair-service-v4-services\/?page_id=2"},"modified":"2025-04-25T12:30:23","modified_gmt":"2025-04-25T10:30:23","slug":"propos-nous","status":"publish","type":"page","link":"https:\/\/www.carrosserie-du-sud.com\/index.php\/propos-nous\/","title":{"rendered":"\u00c0 Propos De Nous"},"content":{"rendered":"\t\t<div data-elementor-type=\"wp-page\" data-elementor-id=\"1520\" class=\"elementor elementor-1520\">\n\t\t\t\t\t\t<section class=\"elementor-section elementor-top-section elementor-element elementor-element-cef3218 elementor-section-stretched elementor-section-full_width elementor-section-height-default elementor-section-height-default\" data-id=\"cef3218\" data-element_type=\"section\" data-settings=\"{&quot;stretch_section&quot;:&quot;section-stretched&quot;}\">\n\t\t\t\t\t\t<div class=\"elementor-container elementor-column-gap-no\">\n\t\t\t\t\t<div class=\"elementor-column elementor-col-100 elementor-top-column elementor-element elementor-element-45c630c\" data-id=\"45c630c\" data-element_type=\"column\">\n\t\t\t<div class=\"elementor-widget-wrap elementor-element-populated\">\n\t\t\t\t\t\t<div class=\"elementor-element elementor-element-349161e elementor-widget elementor-widget-about_us_1\" data-id=\"349161e\" data-element_type=\"widget\" data-widget_type=\"about_us_1.default\">\n\t\t\t\t<div class=\"elementor-widget-container\">\n\t\t\t\n\t\t<div class=\"block\">\n\t\t\t<div class=\"container no-indent\">\n\t\t\t\t<div class=\"wrapper-parallax-left02\">\n\t\t\t\t\t<div class=\"col-img\">\n\t\t\t\t\t\t<img fetchpriority=\"high\" decoding=\"async\" width=\"615\" height=\"501\" src=\"https:\/\/www.carrosserie-du-sud.com\/wp-content\/uploads\/2025\/04\/Image-paral-a-propos-carrosserie-sud.png\" class=\"attachment-full size-full\" alt=\"\" srcset=\"https:\/\/www.carrosserie-du-sud.com\/wp-content\/uploads\/2025\/04\/Image-paral-a-propos-carrosserie-sud.png 615w, https:\/\/www.carrosserie-du-sud.com\/wp-content\/uploads\/2025\/04\/Image-paral-a-propos-carrosserie-sud-300x244.png 300w, https:\/\/www.carrosserie-du-sud.com\/wp-content\/uploads\/2025\/04\/Image-paral-a-propos-carrosserie-sud-603x491.png 603w, https:\/\/www.carrosserie-du-sud.com\/wp-content\/uploads\/2025\/04\/Image-paral-a-propos-carrosserie-sud-600x489.png 600w\" sizes=\"(max-width: 615px) 100vw, 615px\" \/>\t\t\t\t\t<\/div>\n\t\t\t\t\t<div class=\"col-description\">\n\t\t\t\t\t\t<div class=\"block-title text-left\">\n\t\t\t\t\t\t\t<h3 class=\"block-title__title\">\n\t\t\t\t\t\t\t<span class=\"color\">Une expertise de plus de 10 ans<\/span> au service de votre tranquillit\u00e9\t\t\t\t\t\t\t<\/h3>\n\t\t\t\t\t\t\t<div class=\"title-separator\"><\/div>\n\t\t\t\t\t\t<\/div>\n\t\t\t\t\t\t<p class=\"\" data-start=\"309\" data-end=\"477\">Situ\u00e9e au c\u0153ur du <strong data-start=\"327\" data-end=\"362\">11e arrondissement de Marseille<\/strong>, <strong data-start=\"364\" data-end=\"389\">la Carrosserie du Sud<\/strong> est votre partenaire de confiance pour tous vos besoins en <strong data-start=\"449\" data-end=\"474\">r\u00e9paration automobile<\/strong>.<\/p><p class=\"\" data-start=\"479\" data-end=\"720\">Depuis plus de 10 ans, notre <strong data-start=\"508\" data-end=\"535\">garage auto \u00e0 Marseille<\/strong> s\u2019est b\u00e2ti une solide r\u00e9putation gr\u00e2ce \u00e0 l\u2019expertise de ses <strong data-start=\"596\" data-end=\"621\">techniciens qualifi\u00e9s<\/strong>, sp\u00e9cialis\u00e9s en <strong data-start=\"638\" data-end=\"653\">carrosserie<\/strong>, <strong data-start=\"655\" data-end=\"667\">peinture<\/strong>, <strong data-start=\"669\" data-end=\"687\">m\u00e9canique auto<\/strong> et <strong data-start=\"691\" data-end=\"719\">entretien toutes marques<\/strong>.<\/p><p class=\"\" data-start=\"722\" data-end=\"973\">\u27bc Prise en charge rapide de <strong data-start=\"751\" data-end=\"788\">toutes les compagnies d\u2019assurance<\/strong><br data-start=\"788\" data-end=\"791\" \/><strong data-start=\"794\" data-end=\"834\">\u27bc R\u00e9parations carrosserie et m\u00e9canique<\/strong> toutes marques<br data-start=\"849\" data-end=\"852\" \/><strong data-start=\"855\" data-end=\"889\">\u27bc Pr\u00eat de v\u00e9hicule de courtoisie<\/strong> inclus<br data-start=\"896\" data-end=\"899\" \/>\u27bc Des <strong data-start=\"906\" data-end=\"940\">milliers de clients satisfaits<\/strong> \u00e0 Marseille et dans les environs<\/p><p class=\"\" data-start=\"975\" data-end=\"1312\">Notre atelier est \u00e9quip\u00e9 des <strong data-start=\"1004\" data-end=\"1044\">derni\u00e8res technologies de diagnostic<\/strong> pour garantir des r\u00e9parations durables, fiables et conformes aux standards constructeurs. Que ce soit pour un <strong data-start=\"1155\" data-end=\"1167\">accident<\/strong>, une <strong data-start=\"1173\" data-end=\"1183\">rayure<\/strong>, une <strong data-start=\"1189\" data-end=\"1214\">r\u00e9vision constructeur<\/strong> ou un simple <strong data-start=\"1228\" data-end=\"1251\">entretien pr\u00e9ventif<\/strong>, faites confiance \u00e0 un <strong data-start=\"1275\" data-end=\"1311\">garage recommand\u00e9 \u00e0 Marseille 11<\/strong>.<\/p>\t\t\t\t\t<\/div>\n\t\t\t\t<\/div>\n\t\t\t\t<div class=\"divider-md\"><\/div>\n\t\t\t\t<div class=\"row\">\n\t\t\t\t\t\t\t\t\t<div class=\"col-md-4\">\n\t\t\t\t\t\t<h6 class=\"subtitle\">Notre Mission<\/h6>\n\t\t\t\t\t\t<blockquote data-start=\"1003\" data-end=\"1111\"><p class=\"\" data-start=\"1005\" data-end=\"1111\">Vous offrir une solution automobile simple, rapide et fiable, avec un service client humain et accessible.<\/p><\/blockquote><p class=\"\" data-start=\"1113\" data-end=\"1136\">Nous nous engageons \u00e0 :<br \/>\u2714 Apporter une r\u00e9ponse claire et rapide \u00e0 chaque besoin.<br \/>\u2714 Travailler avec rigueur, respect et souci du d\u00e9tail.<br \/>\u2714 Garantir des r\u00e9parations respectueuses de l\u2019environnement et des normes constructeurs.<\/p>\t\t\t\t\t<\/div>\n\t\t\t\t\t\t\t\t\t\t<div class=\"divider-md hidden-lg hidden-md\"><\/div>\n\t\t\t\t\t\t\t\t\t\t\t\t\t\t\t<div class=\"col-md-4\">\n\t\t\t\t\t\t<h6 class=\"subtitle\">Notre Vision<\/h6>\n\t\t\t\t\t\t<p class=\"\" data-start=\"1366\" data-end=\"1537\">\u00catre une <strong data-start=\"1375\" data-end=\"1413\">r\u00e9f\u00e9rence de confiance \u00e0 Marseille<\/strong> pour la carrosserie et la m\u00e9canique automobile, en alliant <strong data-start=\"1473\" data-end=\"1496\">expertise technique<\/strong>, <strong data-start=\"1498\" data-end=\"1518\">proximit\u00e9 client<\/strong> et <strong data-start=\"1522\" data-end=\"1536\">innovation<\/strong>.<\/p><p class=\"\" data-start=\"1539\" data-end=\"1556\">Nous aspirons \u00e0 :<br \/>\u2714 Faciliter les d\u00e9marches clients (assurance, pr\u00eat de v\u00e9hicule, devis gratuit).<br \/>\u2714 D\u00e9velopper une relation durable avec chaque automobiliste.<br \/>\u2714 \u00catre un acteur engag\u00e9 dans la <strong data-start=\"1730\" data-end=\"1754\">mobilit\u00e9 responsable<\/strong> et l\u2019\u00e9conomie locale.<\/p>\t\t\t\t\t<\/div>\n\t\t\t\t\t\t\t\t\t\t<div class=\"divider-md hidden-lg hidden-md\"><\/div>\n\t\t\t\t\t\t\t\t\t\t\t\t\t\t\t<div class=\"col-md-4\">\n\t\t\t\t\t\t<h6 class=\"subtitle\">Nos Valeurs Fondamentales<\/h6>\n\t\t\t\t\t\t<p class=\"\" data-start=\"1816\" data-end=\"1930\"><strong data-start=\"1818\" data-end=\"1847\">\u2714 Esprit d\u2019\u00e9quipe &amp; respect<\/strong><br data-start=\"1847\" data-end=\"1850\" \/>Nous cultivons la confiance et la solidarit\u00e9 dans l\u2019atelier et avec nos clients.<\/p><p class=\"\" data-start=\"1932\" data-end=\"2026\"><strong data-start=\"1934\" data-end=\"1968\">\u2714 Satisfaction client avant tout<\/strong><br data-start=\"1968\" data-end=\"1971\" \/>Chaque v\u00e9hicule est trait\u00e9 comme s\u2019il nous appartenait.<\/p><p class=\"\" data-start=\"2028\" data-end=\"2128\"><strong data-start=\"2030\" data-end=\"2063\">\u2714 Transparence &amp; responsabilit\u00e9<\/strong><br data-start=\"2063\" data-end=\"2066\" \/>Aucune surprise sur le devis ou les d\u00e9lais. Engagements tenus.<\/p><p class=\"\" data-start=\"2130\" data-end=\"2214\"><strong data-start=\"2132\" data-end=\"2154\">\u2714 Exigence &amp; passion<\/strong><br data-start=\"2154\" data-end=\"2157\" \/>Nous visons l\u2019excellence, avec passion pour notre m\u00e9tier.<\/p>\t\t\t\t\t<\/div>\n\t\t\t\t\t\t\t\t\t\t\t\t\t\t<\/div>\n\t\t\t<\/div>\n\t\t<\/div>\n\t\t\t\t<\/div>\n\t\t\t\t<\/div>\n\t\t\t\t\t<\/div>\n\t\t<\/div>\n\t\t\t\t\t<\/div>\n\t\t<\/section>\n\t\t\t\t<section class=\"elementor-section elementor-top-section elementor-element elementor-element-f5a0648 elementor-section-stretched elementor-section-full_width elementor-section-height-default elementor-section-height-default\" data-id=\"f5a0648\" data-element_type=\"section\" data-settings=\"{&quot;stretch_section&quot;:&quot;section-stretched&quot;}\">\n\t\t\t\t\t\t<div class=\"elementor-container elementor-column-gap-no\">\n\t\t\t\t\t<div class=\"elementor-column elementor-col-100 elementor-top-column elementor-element elementor-element-992ef6c\" data-id=\"992ef6c\" data-element_type=\"column\">\n\t\t\t<div class=\"elementor-widget-wrap elementor-element-populated\">\n\t\t\t\t\t\t<div class=\"elementor-element elementor-element-983111a elementor-widget elementor-widget-advantages_our_services\" data-id=\"983111a\" data-element_type=\"widget\" data-widget_type=\"advantages_our_services.default\">\n\t\t\t\t<div class=\"elementor-widget-container\">\n\t\t\t\t\t\t<div class=\"block position-relative overflow-hidden\">\n\t\t\t\t<div class=\"container-fluid no-gutters\">\n\t\t\t\t\t<div class=\"services-item-wrapper\">\n\t\t\t\t\t\t<div class=\"section__text-background text-color03 text-center\">Les Avantages<\/div>\n\t\t\t\t\t\t<div class=\"services-item\">\n\t\t\t\t\t\t\t<div class=\"services-title\">\n\t\t\t\t\t\t\t\t<h2 class=\"services-title__title\">Les Avantages <br> de <span class=\"color\">la Carrosserie du Sud <\/span><\/h2>\n\t\t\t\t\t\t\t\t<div class=\"title-separator\"><\/div>\n\t\t\t\t\t\t\t<\/div>\n\t\t\t\t\t\t\t<p>\n\t\t\t\t\t\t\t\t\t\t\t\t\t\t<\/p>\n\t\t\t\t\t\t\t\t\t\t\t\t\t\t<a href=\"#\" data-toggle=\"modal\" data-target=\"#appointmentForm\" class=\"btn btn-border btn-top\"><span>Prendre rendez-vous<\/span><\/a>\n\t\t\t\t\t\t\t\t\t\t\t\t\t<\/div>\n\t\t\t\t\t\t\t\t\t\t\t\t\t\t\t\t\t\n\t\t\t\t\t\t<div class=\"services-item services-bg-01\">\n\t\t\t\t\t\t\t<div class=\"services-box\">\n\t\t\t\t\t\t\t\t<div class=\"services-box__icon\">\n\t\t\t\t\t\t\t\t\t<span class=\" icon-271045\"><\/span>\n\t\t\t\t\t\t\t\t<\/div>\n\t\t\t\t\t\t\t\t<h6 class=\"services-box__title\">\n\t\t\t\t\t\t\t\tService orient\u00e9 client\t\t\t\t\t\t\t\t<\/h6>\n\t\t\t\t\t\t\t\t<p>\n\t\t\t\t\t\t\t\tUne \u00e9quipe \u00e0 l\u2019\u00e9coute, des d\u00e9lais respect\u00e9s, un v\u00e9hicule de courtoisie si besoin.\t\t\t\t\t\t\t\t<\/p>\n\t\t\t\t\t\t\t<\/div>\n\t\t\t\t\t\t<\/div>\n\t\t\t\t\t\t\t\t\t\t\t\t\t\t\t\t\t\t\t\n\t\t\t\t\t\t<div class=\"services-item services-bg-02\">\n\t\t\t\t\t\t\t<div class=\"services-box\">\n\t\t\t\t\t\t\t\t<div class=\"services-box__icon\">\n\t\t\t\t\t\t\t\t\t<span class=\" icon-808728\"><\/span>\n\t\t\t\t\t\t\t\t<\/div>\n\t\t\t\t\t\t\t\t<h6 class=\"services-box__title\">\n\t\t\t\t\t\t\t\tTarifs transparents &amp; abordables\t\t\t\t\t\t\t\t<\/h6>\n\t\t\t\t\t\t\t\t<p>\n\t\t\t\t\t\t\t\tDes devis clairs, sans frais cach\u00e9s, avec une franchise 100% offerte.\t\t\t\t\t\t\t\t<\/p>\n\t\t\t\t\t\t\t<\/div>\n\t\t\t\t\t\t<\/div>\n\t\t\t\t\t\t\t\t\t\t\t\t\t\t\t\t\t\t\t\n\t\t\t\t\t\t<div class=\"services-item services-bg-03\">\n\t\t\t\t\t\t\t<div class=\"services-box\">\n\t\t\t\t\t\t\t\t<div class=\"services-box__icon\">\n\t\t\t\t\t\t\t\t\t<span class=\" icon-598823\"><\/span>\n\t\t\t\t\t\t\t\t<\/div>\n\t\t\t\t\t\t\t\t<h6 class=\"services-box__title\">\n\t\t\t\t\t\t\t\tPi\u00e8ces de qualit\u00e9 constructeur\t\t\t\t\t\t\t\t<\/h6>\n\t\t\t\t\t\t\t\t<p>\n\t\t\t\t\t\t\t\tToutes les r\u00e9parations sont r\u00e9alis\u00e9es avec des pi\u00e8ces d\u2019origine ou \u00e9quivalentes.\t\t\t\t\t\t\t\t<\/p>\n\t\t\t\t\t\t\t<\/div>\n\t\t\t\t\t\t<\/div>\n\t\t\t\t\t\t\t\t\t\t\t\t\t<\/div>\n\t\t\t\t<\/div>\n\t\t\t<\/div>\n\n\t\t\t\t<\/div>\n\t\t\t\t<\/div>\n\t\t\t\t\t<\/div>\n\t\t<\/div>\n\t\t\t\t\t<\/div>\n\t\t<\/section>\n\t\t\t\t<section class=\"elementor-section elementor-top-section elementor-element elementor-element-334dec0 elementor-section-stretched elementor-section-full_width elementor-section-height-default elementor-section-height-default\" data-id=\"334dec0\" data-element_type=\"section\" data-settings=\"{&quot;stretch_section&quot;:&quot;section-stretched&quot;}\">\n\t\t\t\t\t\t<div class=\"elementor-container elementor-column-gap-no\">\n\t\t\t\t\t<div class=\"elementor-column elementor-col-100 elementor-top-column elementor-element elementor-element-5d1a577\" data-id=\"5d1a577\" data-element_type=\"column\">\n\t\t\t<div class=\"elementor-widget-wrap elementor-element-populated\">\n\t\t\t\t\t\t<div class=\"elementor-element elementor-element-a37abd9 elementor-widget elementor-widget-appointment_schedule\" data-id=\"a37abd9\" data-element_type=\"widget\" data-widget_type=\"appointment_schedule.default\">\n\t\t\t\t<div class=\"elementor-widget-container\">\n\t\t\t\t\t\t<div class=\"block position-relative overflow-hidden \">\n  <div class=\"section__text-background text-color02 text-center text-background__center\">\n\t\t\tContactez nous<\/div>\n  <div class=\"text-center\">\n\t<h2 class=\"h-lg\">Besoin d'aide pour votre voiture ?  <span class=\"color\">On r\u00e9pare, on s'occupe de tout.<\/span><\/h2>\n\t<p class=\"info\">Sp\u00e9cialistes des r\u00e9parations apr\u00e8s accident \u00e0 Marseille, nous prenons en charge tous types de d\u00e9g\u00e2ts, avec ou sans assurance.\nCarrosserie, m\u00e9canique, diagnostic complet : votre v\u00e9hicule entre de bonnes mains.<\/p>\n\t<h2 class=\"h-phone\">09 83 75 05 20<\/h2>\n\t<div class=\"btn-inline\">\n\t\t\t\t  <a class=\"btn btn-border btn-invert btn-wide\" href=\"#\" data-toggle=\"modal\"\n\t\tdata-target=\"#appointmentForm\"><span>Prendre rendez-vous maintenant<\/span><\/a>\n\t  \t<\/div>\n  <\/div>\n<\/div>\n\n\t\t\t\t\t<\/div>\n\t\t\t\t<\/div>\n\t\t\t\t\t<\/div>\n\t\t<\/div>\n\t\t\t\t\t<\/div>\n\t\t<\/section>\n\t\t\t\t<\/div>\n\t\t","protected":false},"excerpt":{"rendered":"<p>Une expertise de plus de 10 ans au service de votre tranquillit\u00e9 Situ\u00e9e au c\u0153ur du 11e arrondissement de Marseille, la Carrosserie du Sud est votre partenaire de confiance pour tous vos besoins en r\u00e9paration automobile. Depuis plus de 10 ans, notre garage auto \u00e0 Marseille s\u2019est b\u00e2ti une solide r\u00e9putation gr\u00e2ce \u00e0 l\u2019expertise de [&hellip;]<\/p>\n","protected":false},"author":1,"featured_media":0,"parent":0,"menu_order":0,"comment_status":"closed","ping_status":"closed","template":"","meta":{"footnotes":""},"class_list":["post-1520","page","type-page","status-publish","hentry"],"yoast_head":"<!-- This site is optimized with the Yoast SEO plugin v23.7 - https:\/\/yoast.com\/wordpress\/plugins\/seo\/ -->\n<title>\u00c0 Propos De Nous - Carrosserie Du Sud Marseille<\/title>\n<meta name=\"robots\" content=\"index, follow, max-snippet:-1, max-image-preview:large, max-video-preview:-1\" \/>\n<link rel=\"canonical\" href=\"https:\/\/www.carrosserie-du-sud.com\/index.php\/propos-nous\/\" \/>\n<meta property=\"og:locale\" content=\"en_US\" \/>\n<meta property=\"og:type\" content=\"article\" \/>\n<meta property=\"og:title\" content=\"\u00c0 Propos De Nous - Carrosserie Du Sud Marseille\" \/>\n<meta property=\"og:description\" content=\"Une expertise de plus de 10 ans au service de votre tranquillit\u00e9 Situ\u00e9e au c\u0153ur du 11e arrondissement de Marseille, la Carrosserie du Sud est votre partenaire de confiance pour tous vos besoins en r\u00e9paration automobile. Depuis plus de 10 ans, notre garage auto \u00e0 Marseille s\u2019est b\u00e2ti une solide r\u00e9putation gr\u00e2ce \u00e0 l\u2019expertise de [&hellip;]\" \/>\n<meta property=\"og:url\" content=\"https:\/\/www.carrosserie-du-sud.com\/index.php\/propos-nous\/\" \/>\n<meta property=\"og:site_name\" content=\"Carrosserie Du Sud Marseille\" \/>\n<meta property=\"article:modified_time\" content=\"2025-04-25T10:30:23+00:00\" \/>\n<meta property=\"og:image\" content=\"http:\/\/www.carrosserie-du-sud.com\/wp-content\/uploads\/2025\/04\/Image-paral-a-propos-carrosserie-sud.png\" \/>\n<meta name=\"twitter:card\" content=\"summary_large_image\" \/>\n<script type=\"application\/ld+json\" class=\"yoast-schema-graph\">{\"@context\":\"https:\/\/schema.org\",\"@graph\":[{\"@type\":\"WebPage\",\"@id\":\"https:\/\/www.carrosserie-du-sud.com\/index.php\/propos-nous\/\",\"url\":\"https:\/\/www.carrosserie-du-sud.com\/index.php\/propos-nous\/\",\"name\":\"\u00c0 Propos De Nous - Carrosserie Du Sud Marseille\",\"isPartOf\":{\"@id\":\"https:\/\/www.carrosserie-du-sud.com\/#website\"},\"primaryImageOfPage\":{\"@id\":\"https:\/\/www.carrosserie-du-sud.com\/index.php\/propos-nous\/#primaryimage\"},\"image\":{\"@id\":\"https:\/\/www.carrosserie-du-sud.com\/index.php\/propos-nous\/#primaryimage\"},\"thumbnailUrl\":\"http:\/\/www.carrosserie-du-sud.com\/wp-content\/uploads\/2025\/04\/Image-paral-a-propos-carrosserie-sud.png\",\"datePublished\":\"2017-03-08T07:18:04+00:00\",\"dateModified\":\"2025-04-25T10:30:23+00:00\",\"breadcrumb\":{\"@id\":\"https:\/\/www.carrosserie-du-sud.com\/index.php\/propos-nous\/#breadcrumb\"},\"inLanguage\":\"en-US\",\"potentialAction\":[{\"@type\":\"ReadAction\",\"target\":[\"https:\/\/www.carrosserie-du-sud.com\/index.php\/propos-nous\/\"]}]},{\"@type\":\"ImageObject\",\"inLanguage\":\"en-US\",\"@id\":\"https:\/\/www.carrosserie-du-sud.com\/index.php\/propos-nous\/#primaryimage\",\"url\":\"http:\/\/www.carrosserie-du-sud.com\/wp-content\/uploads\/2025\/04\/Image-paral-a-propos-carrosserie-sud.png\",\"contentUrl\":\"http:\/\/www.carrosserie-du-sud.com\/wp-content\/uploads\/2025\/04\/Image-paral-a-propos-carrosserie-sud.png\"},{\"@type\":\"BreadcrumbList\",\"@id\":\"https:\/\/www.carrosserie-du-sud.com\/index.php\/propos-nous\/#breadcrumb\",\"itemListElement\":[{\"@type\":\"ListItem\",\"position\":1,\"name\":\"Home\",\"item\":\"https:\/\/www.carrosserie-du-sud.com\/\"},{\"@type\":\"ListItem\",\"position\":2,\"name\":\"\u00c0 Propos De Nous\"}]},{\"@type\":\"WebSite\",\"@id\":\"https:\/\/www.carrosserie-du-sud.com\/#website\",\"url\":\"https:\/\/www.carrosserie-du-sud.com\/\",\"name\":\"Carrosserie Du Sud Marseille\",\"description\":\"\",\"potentialAction\":[{\"@type\":\"SearchAction\",\"target\":{\"@type\":\"EntryPoint\",\"urlTemplate\":\"https:\/\/www.carrosserie-du-sud.com\/?s={search_term_string}\"},\"query-input\":{\"@type\":\"PropertyValueSpecification\",\"valueRequired\":true,\"valueName\":\"search_term_string\"}}],\"inLanguage\":\"en-US\"}]}<\/script>\n<!-- \/ Yoast SEO plugin. -->","yoast_head_json":{"title":"\u00c0 Propos De Nous - Carrosserie Du Sud Marseille","robots":{"index":"index","follow":"follow","max-snippet":"max-snippet:-1","max-image-preview":"max-image-preview:large","max-video-preview":"max-video-preview:-1"},"canonical":"https:\/\/www.carrosserie-du-sud.com\/index.php\/propos-nous\/","og_locale":"en_US","og_type":"article","og_title":"\u00c0 Propos De Nous - Carrosserie Du Sud Marseille","og_description":"Une expertise de plus de 10 ans au service de votre tranquillit\u00e9 Situ\u00e9e au c\u0153ur du 11e arrondissement de Marseille, la Carrosserie du Sud est votre partenaire de confiance pour tous vos besoins en r\u00e9paration automobile. Depuis plus de 10 ans, notre garage auto \u00e0 Marseille s\u2019est b\u00e2ti une solide r\u00e9putation gr\u00e2ce \u00e0 l\u2019expertise de [&hellip;]","og_url":"https:\/\/www.carrosserie-du-sud.com\/index.php\/propos-nous\/","og_site_name":"Carrosserie Du Sud Marseille","article_modified_time":"2025-04-25T10:30:23+00:00","og_image":[{"url":"http:\/\/www.carrosserie-du-sud.com\/wp-content\/uploads\/2025\/04\/Image-paral-a-propos-carrosserie-sud.png"}],"twitter_card":"summary_large_image","schema":{"@context":"https:\/\/schema.org","@graph":[{"@type":"WebPage","@id":"https:\/\/www.carrosserie-du-sud.com\/index.php\/propos-nous\/","url":"https:\/\/www.carrosserie-du-sud.com\/index.php\/propos-nous\/","name":"\u00c0 Propos De Nous - Carrosserie Du Sud Marseille","isPartOf":{"@id":"https:\/\/www.carrosserie-du-sud.com\/#website"},"primaryImageOfPage":{"@id":"https:\/\/www.carrosserie-du-sud.com\/index.php\/propos-nous\/#primaryimage"},"image":{"@id":"https:\/\/www.carrosserie-du-sud.com\/index.php\/propos-nous\/#primaryimage"},"thumbnailUrl":"http:\/\/www.carrosserie-du-sud.com\/wp-content\/uploads\/2025\/04\/Image-paral-a-propos-carrosserie-sud.png","datePublished":"2017-03-08T07:18:04+00:00","dateModified":"2025-04-25T10:30:23+00:00","breadcrumb":{"@id":"https:\/\/www.carrosserie-du-sud.com\/index.php\/propos-nous\/#breadcrumb"},"inLanguage":"en-US","potentialAction":[{"@type":"ReadAction","target":["https:\/\/www.carrosserie-du-sud.com\/index.php\/propos-nous\/"]}]},{"@type":"ImageObject","inLanguage":"en-US","@id":"https:\/\/www.carrosserie-du-sud.com\/index.php\/propos-nous\/#primaryimage","url":"http:\/\/www.carrosserie-du-sud.com\/wp-content\/uploads\/2025\/04\/Image-paral-a-propos-carrosserie-sud.png","contentUrl":"http:\/\/www.carrosserie-du-sud.com\/wp-content\/uploads\/2025\/04\/Image-paral-a-propos-carrosserie-sud.png"},{"@type":"BreadcrumbList","@id":"https:\/\/www.carrosserie-du-sud.com\/index.php\/propos-nous\/#breadcrumb","itemListElement":[{"@type":"ListItem","position":1,"name":"Home","item":"https:\/\/www.carrosserie-du-sud.com\/"},{"@type":"ListItem","position":2,"name":"\u00c0 Propos De Nous"}]},{"@type":"WebSite","@id":"https:\/\/www.carrosserie-du-sud.com\/#website","url":"https:\/\/www.carrosserie-du-sud.com\/","name":"Carrosserie Du Sud Marseille","description":"","potentialAction":[{"@type":"SearchAction","target":{"@type":"EntryPoint","urlTemplate":"https:\/\/www.carrosserie-du-sud.com\/?s={search_term_string}"},"query-input":{"@type":"PropertyValueSpecification","valueRequired":true,"valueName":"search_term_string"}}],"inLanguage":"en-US"}]}},"_links":{"self":[{"href":"https:\/\/www.carrosserie-du-sud.com\/index.php\/wp-json\/wp\/v2\/pages\/1520","targetHints":{"allow":["GET"]}}],"collection":[{"href":"https:\/\/www.carrosserie-du-sud.com\/index.php\/wp-json\/wp\/v2\/pages"}],"about":[{"href":"https:\/\/www.carrosserie-du-sud.com\/index.php\/wp-json\/wp\/v2\/types\/page"}],"author":[{"embeddable":true,"href":"https:\/\/www.carrosserie-du-sud.com\/index.php\/wp-json\/wp\/v2\/users\/1"}],"replies":[{"embeddable":true,"href":"https:\/\/www.carrosserie-du-sud.com\/index.php\/wp-json\/wp\/v2\/comments?post=1520"}],"version-history":[{"count":17,"href":"https:\/\/www.carrosserie-du-sud.com\/index.php\/wp-json\/wp\/v2\/pages\/1520\/revisions"}],"predecessor-version":[{"id":3022,"href":"https:\/\/www.carrosserie-du-sud.com\/index.php\/wp-json\/wp\/v2\/pages\/1520\/revisions\/3022"}],"wp:attachment":[{"href":"https:\/\/www.carrosserie-du-sud.com\/index.php\/wp-json\/wp\/v2\/media?parent=1520"}],"curies":[{"name":"wp","href":"https:\/\/api.w.org\/{rel}","templated":true}]}}