{"id":3043,"date":"2025-04-25T12:58:16","date_gmt":"2025-04-25T10:58:16","guid":{"rendered":"https:\/\/www.carrosserie-du-sud.com\/?page_id=3043"},"modified":"2025-06-17T21:59:51","modified_gmt":"2025-06-17T19:59:51","slug":"specialiste-carrosserie-marseille","status":"publish","type":"page","link":"https:\/\/www.carrosserie-du-sud.com\/index.php\/specialiste-carrosserie-marseille\/","title":{"rendered":"Sp\u00e9cialiste Carrosserie Marseille"},"content":{"rendered":"\t\t<div data-elementor-type=\"wp-page\" data-elementor-id=\"3043\" class=\"elementor elementor-3043\">\n\t\t\t\t<div class=\"elementor-element elementor-element-4378982 e-flex e-con-boxed e-con e-parent\" data-id=\"4378982\" data-element_type=\"container\">\n\t\t\t\t\t<div class=\"e-con-inner\">\n\t\t\t\t<div class=\"elementor-element elementor-element-01afa3c elementor-widget elementor-widget-heading\" data-id=\"01afa3c\" data-element_type=\"widget\" data-widget_type=\"heading.default\">\n\t\t\t\t<div class=\"elementor-widget-container\">\n\t\t\t<h3 class=\"elementor-heading-title elementor-size-default\">Carrosserie \u00e0 Marseille 11e \u2013 Carrosserie du Sud<\/h3>\t\t<\/div>\n\t\t\t\t<\/div>\n\t\t\t\t<div class=\"elementor-element elementor-element-e6488e0 elementor-widget elementor-widget-text-editor\" data-id=\"e6488e0\" data-element_type=\"widget\" data-widget_type=\"text-editor.default\">\n\t\t\t\t<div class=\"elementor-widget-container\">\n\t\t\t\t\t\t\t<p><span class=\"relative -mx-px my-[-0.2rem] rounded-sm px-px py-[0.2rem]\">Depuis plus de 10 ans, la <strong data-start=\"26\" data-end=\"48\">Carrosserie du Sud<\/strong>, implant\u00e9e dans le 11e arrondissement de Marseille, est votre partenaire de confiance pour tous vos besoins en <strong data-start=\"160\" data-end=\"200\">r\u00e9paration de carrosserie automobile<\/strong>.<\/span> <span class=\"relative -mx-px my-[-0.2rem] rounded-sm px-px py-[0.2rem]\">Nos techniciens exp\u00e9riment\u00e9s interviennent sur tous types de v\u00e9hicules, quelle que soit la marque, pour redonner \u00e0 votre voiture son aspect d&#8217;origine.<\/span><\/p>\t\t\t\t\t\t<\/div>\n\t\t\t\t<\/div>\n\t\t\t\t\t<\/div>\n\t\t\t\t<\/div>\n\t\t<div class=\"elementor-element elementor-element-513a3f7 e-flex e-con-boxed e-con e-parent\" data-id=\"513a3f7\" data-element_type=\"container\">\n\t\t\t\t\t<div class=\"e-con-inner\">\n\t\t\t\t<div class=\"elementor-element elementor-element-4e8ea07 elementor-widget elementor-widget-our_advantage\" data-id=\"4e8ea07\" data-element_type=\"widget\" data-widget_type=\"our_advantage.default\">\n\t\t\t\t<div class=\"elementor-widget-container\">\n\t\t\t\n\t\t<div class=\"tabs-layout01 tabs-layout01__bg-color tabs-layout01__bg02\">\n\t\t\t<div class=\"container\">\n\t\t\t\t<div class=\"tt-col-100 content-center\">\n\t\t\t\t\t<div class=\"tabs-layout02__box\">\n\t\t\t\t\t\t<div class=\"tabs-layout01__caption\">Carrosserie<\/div>\n\t\t\t\t\t\t<div class=\"row box-custom01-wrapper\">\n\t\t\t\t\t\t\t\t\t\t\t\t\t<div class=\"col-sm-6\">\n\t\t\t\t\t\t\t\t<div class=\"box-custom01\">\n\t\t\t\t\t\t\t\t\t<div class=\"box-custom01__icon\">\n\t\t\t\t\t\t\t\t\t\t<span class=\"icon icon-ok\"><\/span>\n\t\t\t\t\t\t\t\t\t<\/div>\n\t\t\t\t\t\t\t\t\t<div class=\"box-custom01__content\">\n\t\t\t\t\t\t\t\t\t\t<h6 class=\"box-custom01__title\">R\u00e9paration apr\u00e8s accident :<\/h6>\n\t\t\t\t\t\t\t\t\t\t<p>\n\t\t\t\t\t\t\t\t\t\tPrise en charge compl\u00e8te des dommages, du diagnostic \u00e0 la remise en \u00e9tat.\t\t\t\t\t\t\t\t\t\t<\/p>\n\t\t\t\t\t\t\t\t\t<\/div>\n\t\t\t\t\t\t\t\t<\/div>\n\t\t\t\t\t\t\t<\/div>\n\t\t\t\t\t\t\t\t\t\t\t\t\t\t\t<div class=\"col-sm-6\">\n\t\t\t\t\t\t\t\t<div class=\"box-custom01\">\n\t\t\t\t\t\t\t\t\t<div class=\"box-custom01__icon\">\n\t\t\t\t\t\t\t\t\t\t<span class=\"icon icon-ok\"><\/span>\n\t\t\t\t\t\t\t\t\t<\/div>\n\t\t\t\t\t\t\t\t\t<div class=\"box-custom01__content\">\n\t\t\t\t\t\t\t\t\t\t<h6 class=\"box-custom01__title\">D\u00e9bosselage sans peinture :<\/h6>\n\t\t\t\t\t\t\t\t\t\t<p>\n\t\t\t\t\t\t\t\t\t\tTechnique efficace pour \u00e9liminer les petites bosses sans alt\u00e9rer la peinture d'origine.\t\t\t\t\t\t\t\t\t\t<\/p>\n\t\t\t\t\t\t\t\t\t<\/div>\n\t\t\t\t\t\t\t\t<\/div>\n\t\t\t\t\t\t\t<\/div>\n\t\t\t\t\t\t\t\t\t\t\t\t\t\t\t<div class=\"col-sm-6\">\n\t\t\t\t\t\t\t\t<div class=\"box-custom01\">\n\t\t\t\t\t\t\t\t\t<div class=\"box-custom01__icon\">\n\t\t\t\t\t\t\t\t\t\t<span class=\"icon icon-ok\"><\/span>\n\t\t\t\t\t\t\t\t\t<\/div>\n\t\t\t\t\t\t\t\t\t<div class=\"box-custom01__content\">\n\t\t\t\t\t\t\t\t\t\t<h6 class=\"box-custom01__title\">Peinture automobile :<\/h6>\n\t\t\t\t\t\t\t\t\t\t<p>\n\t\t\t\t\t\t\t\t\t\tApplication de peinture compl\u00e8te ou partielle avec une correspondance pr\u00e9cise des teintes constructeur.\t\t\t\t\t\t\t\t\t\t<\/p>\n\t\t\t\t\t\t\t\t\t<\/div>\n\t\t\t\t\t\t\t\t<\/div>\n\t\t\t\t\t\t\t<\/div>\n\t\t\t\t\t\t\t\t\t\t\t\t\t\t\t<div class=\"col-sm-6\">\n\t\t\t\t\t\t\t\t<div class=\"box-custom01\">\n\t\t\t\t\t\t\t\t\t<div class=\"box-custom01__icon\">\n\t\t\t\t\t\t\t\t\t\t<span class=\"icon icon-ok\"><\/span>\n\t\t\t\t\t\t\t\t\t<\/div>\n\t\t\t\t\t\t\t\t\t<div class=\"box-custom01__content\">\n\t\t\t\t\t\t\t\t\t\t<h6 class=\"box-custom01__title\">Remplacement de pare-brise et vitrages :<\/h6>\n\t\t\t\t\t\t\t\t\t\t<p>\n\t\t\t\t\t\t\t\t\t\tIntervention rapide et conforme aux normes de s\u00e9curit\u00e9.\t\t\t\t\t\t\t\t\t\t<\/p>\n\t\t\t\t\t\t\t\t\t<\/div>\n\t\t\t\t\t\t\t\t<\/div>\n\t\t\t\t\t\t\t<\/div>\n\t\t\t\t\t\t\t\t\t\t\t\t\t\t\t<div class=\"col-sm-6\">\n\t\t\t\t\t\t\t\t<div class=\"box-custom01\">\n\t\t\t\t\t\t\t\t\t<div class=\"box-custom01__icon\">\n\t\t\t\t\t\t\t\t\t\t<span class=\"icon icon-ok\"><\/span>\n\t\t\t\t\t\t\t\t\t<\/div>\n\t\t\t\t\t\t\t\t\t<div class=\"box-custom01__content\">\n\t\t\t\t\t\t\t\t\t\t<h6 class=\"box-custom01__title\">R\u00e9novation des optiques de phares :<\/h6>\n\t\t\t\t\t\t\t\t\t\t<p>\n\t\t\t\t\t\t\t\t\t\tRestauration de la transparence pour une meilleure visibilit\u00e9 et s\u00e9curit\u00e9.\t\t\t\t\t\t\t\t\t\t<\/p>\n\t\t\t\t\t\t\t\t\t<\/div>\n\t\t\t\t\t\t\t\t<\/div>\n\t\t\t\t\t\t\t<\/div>\n\t\t\t\t\t\t\t\t\t\t\t\t\t\t\t<div class=\"col-sm-6\">\n\t\t\t\t\t\t\t\t<div class=\"box-custom01\">\n\t\t\t\t\t\t\t\t\t<div class=\"box-custom01__icon\">\n\t\t\t\t\t\t\t\t\t\t<span class=\"icon icon-ok\"><\/span>\n\t\t\t\t\t\t\t\t\t<\/div>\n\t\t\t\t\t\t\t\t\t<div class=\"box-custom01__content\">\n\t\t\t\t\t\t\t\t\t\t<h6 class=\"box-custom01__title\">Redressage de ch\u00e2ssis :<\/h6>\n\t\t\t\t\t\t\t\t\t\t<p>\n\t\t\t\t\t\t\t\t\t\tUtilisation d'un banc de redressage pour corriger les d\u00e9formations structurelles\t\t\t\t\t\t\t\t\t\t<\/p>\n\t\t\t\t\t\t\t\t\t<\/div>\n\t\t\t\t\t\t\t\t<\/div>\n\t\t\t\t\t\t\t<\/div>\n\t\t\t\t\t\t\t\t\t\t\t\t\t\t<\/div>\n\t\t\t\t\t<\/div>\n\t\t\t\t<\/div>\n\t\t\t<\/div>\n\t\t<\/div>\n\n\t\t\t\t<\/div>\n\t\t\t\t<\/div>\n\t\t\t\t<div class=\"elementor-element elementor-element-d2d13d5 elementor-widget elementor-widget-spacer\" data-id=\"d2d13d5\" data-element_type=\"widget\" data-widget_type=\"spacer.default\">\n\t\t\t\t<div class=\"elementor-widget-container\">\n\t\t\t\t\t<div class=\"elementor-spacer\">\n\t\t\t<div class=\"elementor-spacer-inner\"><\/div>\n\t\t<\/div>\n\t\t\t\t<\/div>\n\t\t\t\t<\/div>\n\t\t\t\t\t<\/div>\n\t\t\t\t<\/div>\n\t\t<div class=\"elementor-element elementor-element-0be3067 e-flex e-con-boxed e-con e-parent\" data-id=\"0be3067\" data-element_type=\"container\">\n\t\t\t\t\t<div class=\"e-con-inner\">\n\t\t\t\t<div class=\"elementor-element elementor-element-b8b772d elementor-widget elementor-widget-heading\" data-id=\"b8b772d\" data-element_type=\"widget\" data-widget_type=\"heading.default\">\n\t\t\t\t<div class=\"elementor-widget-container\">\n\t\t\t<h3 class=\"elementor-heading-title elementor-size-default\">Pourquoi choisir la Carrosserie du Sud \u00e0 Marseille ?<\/h3>\t\t<\/div>\n\t\t\t\t<\/div>\n\t\t\t\t\t<\/div>\n\t\t\t\t<\/div>\n\t\t<div class=\"elementor-element elementor-element-cc0a1b9 e-flex e-con-boxed e-con e-parent\" data-id=\"cc0a1b9\" data-element_type=\"container\">\n\t\t\t\t\t<div class=\"e-con-inner\">\n\t\t\t\t<div class=\"elementor-element elementor-element-1a1feac elementor-widget elementor-widget-text-editor\" data-id=\"1a1feac\" data-element_type=\"widget\" data-widget_type=\"text-editor.default\">\n\t\t\t\t<div class=\"elementor-widget-container\">\n\t\t\t\t\t\t\t<p class=\"\" data-start=\"1015\" data-end=\"1079\"><strong data-start=\"1015\" data-end=\"1037\">\u27bc Expertise reconnue<\/strong> : <span class=\"relative -mx-px my-[-0.2rem] rounded-sm px-px py-[0.2rem]\">une \u00e9quipe de professionnels qualifi\u00e9s avec une solide exp\u00e9rience en carrosserie.<br \/><\/span><strong data-start=\"1082\" data-end=\"1126\">\u27bc Prise en charge de toutes les assurances<\/strong> : <span class=\"relative -mx-px my-[-0.2rem] rounded-sm px-px py-[0.2rem]\">nous simplifions vos d\u00e9marches administratives en collaborant avec toutes les compagnies d&#8217;assurance.<br \/>\u27bc <\/span><strong data-start=\"1171\" data-end=\"1192\">Franchise offerte<\/strong> : <span class=\"relative -mx-px my-[-0.2rem] rounded-sm px-px py-[0.2rem]\">selon les conditions, nous prenons en charge tout ou partie de votre franchise.<br \/>\u27bc <\/span><strong data-start=\"1237\" data-end=\"1263\">V\u00e9hicule de courtoisie<\/strong> : <span class=\"relative -mx-px my-[-0.2rem] rounded-sm px-px py-[0.2rem]\">mise \u00e0 disposition d&#8217;un v\u00e9hicule de remplacement pendant la dur\u00e9e des travaux.<br \/>\u27bc <\/span><strong data-start=\"1308\" data-end=\"1340\">Devis gratuit et transparent<\/strong> : <span class=\"relative -mx-px my-[-0.2rem] rounded-sm px-px py-[0.2rem]\">\u00e9valuation pr\u00e9cise des r\u00e9parations sans engagement.<\/span><\/p>\t\t\t\t\t\t<\/div>\n\t\t\t\t<\/div>\n\t\t\t\t\t<\/div>\n\t\t\t\t<\/div>\n\t\t<div class=\"elementor-element elementor-element-7ed90b8 e-flex e-con-boxed e-con e-parent\" data-id=\"7ed90b8\" data-element_type=\"container\">\n\t\t\t\t\t<div class=\"e-con-inner\">\n\t\t\t\t<div class=\"elementor-element elementor-element-24eec26 elementor-widget elementor-widget-heading\" data-id=\"24eec26\" data-element_type=\"widget\" data-widget_type=\"heading.default\">\n\t\t\t\t<div class=\"elementor-widget-container\">\n\t\t\t<h3 class=\"elementor-heading-title elementor-size-default\">Un emplacement strat\u00e9gique \u00e0 Marseille<\/h3>\t\t<\/div>\n\t\t\t\t<\/div>\n\t\t\t\t\t<\/div>\n\t\t\t\t<\/div>\n\t\t<div class=\"elementor-element elementor-element-f37fed3 e-flex e-con-boxed e-con e-parent\" data-id=\"f37fed3\" data-element_type=\"container\">\n\t\t\t\t\t<div class=\"e-con-inner\">\n\t\t\t\t<div class=\"elementor-element elementor-element-c60918f elementor-widget elementor-widget-text-editor\" data-id=\"c60918f\" data-element_type=\"widget\" data-widget_type=\"text-editor.default\">\n\t\t\t\t<div class=\"elementor-widget-container\">\n\t\t\t\t\t\t\t<p>Situ\u00e9e au <strong data-start=\"10\" data-end=\"56\">110 Route de la Valentine, 13011 Marseille<\/strong>, notre carrosserie est facilement accessible depuis les quartiers environnants tels que La Valentine, Saint-Marcel, Les Camoins et La Penne-sur-Huveaune.<\/p>\t\t\t\t\t\t<\/div>\n\t\t\t\t<\/div>\n\t\t\t\t\t<\/div>\n\t\t\t\t<\/div>\n\t\t<div class=\"elementor-element elementor-element-122c0b2 e-flex e-con-boxed e-con e-parent\" data-id=\"122c0b2\" data-element_type=\"container\">\n\t\t\t\t\t<div class=\"e-con-inner\">\n\t\t\t\t<div class=\"elementor-element elementor-element-f07ecf4 elementor-widget elementor-widget-heading\" data-id=\"f07ecf4\" data-element_type=\"widget\" data-widget_type=\"heading.default\">\n\t\t\t\t<div class=\"elementor-widget-container\">\n\t\t\t<h3 class=\"elementor-heading-title elementor-size-default\">\u260e\ufe0e Contactez-nous pour un devis gratuit<\/h3>\t\t<\/div>\n\t\t\t\t<\/div>\n\t\t\t\t\t<\/div>\n\t\t\t\t<\/div>\n\t\t<div class=\"elementor-element elementor-element-3081890 e-flex e-con-boxed e-con e-parent\" data-id=\"3081890\" data-element_type=\"container\">\n\t\t\t\t\t<div class=\"e-con-inner\">\n\t\t\t\t<div class=\"elementor-element elementor-element-23793ca elementor-widget elementor-widget-text-editor\" data-id=\"23793ca\" data-element_type=\"widget\" data-widget_type=\"text-editor.default\">\n\t\t\t\t<div class=\"elementor-widget-container\">\n\t\t\t\t\t\t\t<p><span class=\"relative -mx-px my-[-0.2rem] rounded-sm px-px py-[0.2rem]\">Pour toute demande de r\u00e9paration de carrosserie \u00e0 Marseille, contactez la Carrosserie du Sud au <strong data-start=\"96\" data-end=\"114\">09 83 75 05 20<\/strong> ou via notre formulaire en ligne.<\/span> <span class=\"relative -mx-px my-[-0.2rem] rounded-sm px-px py-[0.2rem]\">Notre \u00e9quipe vous r\u00e9pondra dans les plus brefs d\u00e9lais pour \u00e9valuer vos besoins et planifier une intervention.<\/span><\/p>\t\t\t\t\t\t<\/div>\n\t\t\t\t<\/div>\n\t\t\t\t\t<\/div>\n\t\t\t\t<\/div>\n\t\t\t\t<\/div>\n\t\t","protected":false},"excerpt":{"rendered":"<p>Carrosserie \u00e0 Marseille 11e \u2013 Carrosserie du Sud Depuis plus de 10 ans, la Carrosserie du Sud, implant\u00e9e dans le 11e arrondissement de Marseille, est votre partenaire de confiance pour tous vos besoins en r\u00e9paration de carrosserie automobile. Nos techniciens exp\u00e9riment\u00e9s interviennent sur tous types de v\u00e9hicules, quelle que soit la marque, pour redonner \u00e0 [&hellip;]<\/p>\n","protected":false},"author":1,"featured_media":0,"parent":0,"menu_order":0,"comment_status":"closed","ping_status":"closed","template":"","meta":{"footnotes":""},"class_list":["post-3043","page","type-page","status-publish","hentry"],"yoast_head":"<!-- This site is optimized with the Yoast SEO plugin v23.7 - https:\/\/yoast.com\/wordpress\/plugins\/seo\/ -->\n<title>Sp\u00e9cialiste Carrosserie Marseille - Carrosserie Du Sud Marseille<\/title>\n<meta name=\"robots\" content=\"index, follow, max-snippet:-1, max-image-preview:large, max-video-preview:-1\" \/>\n<link rel=\"canonical\" href=\"https:\/\/www.carrosserie-du-sud.com\/index.php\/specialiste-carrosserie-marseille\/\" \/>\n<meta property=\"og:locale\" content=\"en_US\" \/>\n<meta property=\"og:type\" content=\"article\" \/>\n<meta property=\"og:title\" content=\"Sp\u00e9cialiste Carrosserie Marseille - Carrosserie Du Sud Marseille\" \/>\n<meta property=\"og:description\" content=\"Carrosserie \u00e0 Marseille 11e \u2013 Carrosserie du Sud Depuis plus de 10 ans, la Carrosserie du Sud, implant\u00e9e dans le 11e arrondissement de Marseille, est votre partenaire de confiance pour tous vos besoins en r\u00e9paration de carrosserie automobile. Nos techniciens exp\u00e9riment\u00e9s interviennent sur tous types de v\u00e9hicules, quelle que soit la marque, pour redonner \u00e0 [&hellip;]\" \/>\n<meta property=\"og:url\" content=\"https:\/\/www.carrosserie-du-sud.com\/index.php\/specialiste-carrosserie-marseille\/\" \/>\n<meta property=\"og:site_name\" content=\"Carrosserie Du Sud Marseille\" \/>\n<meta property=\"article:modified_time\" content=\"2025-06-17T19:59:51+00:00\" \/>\n<meta name=\"twitter:card\" content=\"summary_large_image\" \/>\n<meta name=\"twitter:label1\" content=\"Est. reading time\" \/>\n\t<meta name=\"twitter:data1\" content=\"2 minutes\" \/>\n<script type=\"application\/ld+json\" class=\"yoast-schema-graph\">{\"@context\":\"https:\/\/schema.org\",\"@graph\":[{\"@type\":\"WebPage\",\"@id\":\"https:\/\/www.carrosserie-du-sud.com\/index.php\/specialiste-carrosserie-marseille\/\",\"url\":\"https:\/\/www.carrosserie-du-sud.com\/index.php\/specialiste-carrosserie-marseille\/\",\"name\":\"Sp\u00e9cialiste Carrosserie Marseille - Carrosserie Du Sud Marseille\",\"isPartOf\":{\"@id\":\"https:\/\/www.carrosserie-du-sud.com\/#website\"},\"datePublished\":\"2025-04-25T10:58:16+00:00\",\"dateModified\":\"2025-06-17T19:59:51+00:00\",\"breadcrumb\":{\"@id\":\"https:\/\/www.carrosserie-du-sud.com\/index.php\/specialiste-carrosserie-marseille\/#breadcrumb\"},\"inLanguage\":\"en-US\",\"potentialAction\":[{\"@type\":\"ReadAction\",\"target\":[\"https:\/\/www.carrosserie-du-sud.com\/index.php\/specialiste-carrosserie-marseille\/\"]}]},{\"@type\":\"BreadcrumbList\",\"@id\":\"https:\/\/www.carrosserie-du-sud.com\/index.php\/specialiste-carrosserie-marseille\/#breadcrumb\",\"itemListElement\":[{\"@type\":\"ListItem\",\"position\":1,\"name\":\"Home\",\"item\":\"https:\/\/www.carrosserie-du-sud.com\/\"},{\"@type\":\"ListItem\",\"position\":2,\"name\":\"Sp\u00e9cialiste Carrosserie Marseille\"}]},{\"@type\":\"WebSite\",\"@id\":\"https:\/\/www.carrosserie-du-sud.com\/#website\",\"url\":\"https:\/\/www.carrosserie-du-sud.com\/\",\"name\":\"Carrosserie Du Sud Marseille\",\"description\":\"\",\"potentialAction\":[{\"@type\":\"SearchAction\",\"target\":{\"@type\":\"EntryPoint\",\"urlTemplate\":\"https:\/\/www.carrosserie-du-sud.com\/?s={search_term_string}\"},\"query-input\":{\"@type\":\"PropertyValueSpecification\",\"valueRequired\":true,\"valueName\":\"search_term_string\"}}],\"inLanguage\":\"en-US\"}]}<\/script>\n<!-- \/ Yoast SEO plugin. -->","yoast_head_json":{"title":"Sp\u00e9cialiste Carrosserie Marseille - Carrosserie Du Sud Marseille","robots":{"index":"index","follow":"follow","max-snippet":"max-snippet:-1","max-image-preview":"max-image-preview:large","max-video-preview":"max-video-preview:-1"},"canonical":"https:\/\/www.carrosserie-du-sud.com\/index.php\/specialiste-carrosserie-marseille\/","og_locale":"en_US","og_type":"article","og_title":"Sp\u00e9cialiste Carrosserie Marseille - Carrosserie Du Sud Marseille","og_description":"Carrosserie \u00e0 Marseille 11e \u2013 Carrosserie du Sud Depuis plus de 10 ans, la Carrosserie du Sud, implant\u00e9e dans le 11e arrondissement de Marseille, est votre partenaire de confiance pour tous vos besoins en r\u00e9paration de carrosserie automobile. Nos techniciens exp\u00e9riment\u00e9s interviennent sur tous types de v\u00e9hicules, quelle que soit la marque, pour redonner \u00e0 [&hellip;]","og_url":"https:\/\/www.carrosserie-du-sud.com\/index.php\/specialiste-carrosserie-marseille\/","og_site_name":"Carrosserie Du Sud Marseille","article_modified_time":"2025-06-17T19:59:51+00:00","twitter_card":"summary_large_image","twitter_misc":{"Est. reading time":"2 minutes"},"schema":{"@context":"https:\/\/schema.org","@graph":[{"@type":"WebPage","@id":"https:\/\/www.carrosserie-du-sud.com\/index.php\/specialiste-carrosserie-marseille\/","url":"https:\/\/www.carrosserie-du-sud.com\/index.php\/specialiste-carrosserie-marseille\/","name":"Sp\u00e9cialiste Carrosserie Marseille - Carrosserie Du Sud Marseille","isPartOf":{"@id":"https:\/\/www.carrosserie-du-sud.com\/#website"},"datePublished":"2025-04-25T10:58:16+00:00","dateModified":"2025-06-17T19:59:51+00:00","breadcrumb":{"@id":"https:\/\/www.carrosserie-du-sud.com\/index.php\/specialiste-carrosserie-marseille\/#breadcrumb"},"inLanguage":"en-US","potentialAction":[{"@type":"ReadAction","target":["https:\/\/www.carrosserie-du-sud.com\/index.php\/specialiste-carrosserie-marseille\/"]}]},{"@type":"BreadcrumbList","@id":"https:\/\/www.carrosserie-du-sud.com\/index.php\/specialiste-carrosserie-marseille\/#breadcrumb","itemListElement":[{"@type":"ListItem","position":1,"name":"Home","item":"https:\/\/www.carrosserie-du-sud.com\/"},{"@type":"ListItem","position":2,"name":"Sp\u00e9cialiste Carrosserie Marseille"}]},{"@type":"WebSite","@id":"https:\/\/www.carrosserie-du-sud.com\/#website","url":"https:\/\/www.carrosserie-du-sud.com\/","name":"Carrosserie Du Sud Marseille","description":"","potentialAction":[{"@type":"SearchAction","target":{"@type":"EntryPoint","urlTemplate":"https:\/\/www.carrosserie-du-sud.com\/?s={search_term_string}"},"query-input":{"@type":"PropertyValueSpecification","valueRequired":true,"valueName":"search_term_string"}}],"inLanguage":"en-US"}]}},"_links":{"self":[{"href":"https:\/\/www.carrosserie-du-sud.com\/index.php\/wp-json\/wp\/v2\/pages\/3043","targetHints":{"allow":["GET"]}}],"collection":[{"href":"https:\/\/www.carrosserie-du-sud.com\/index.php\/wp-json\/wp\/v2\/pages"}],"about":[{"href":"https:\/\/www.carrosserie-du-sud.com\/index.php\/wp-json\/wp\/v2\/types\/page"}],"author":[{"embeddable":true,"href":"https:\/\/www.carrosserie-du-sud.com\/index.php\/wp-json\/wp\/v2\/users\/1"}],"replies":[{"embeddable":true,"href":"https:\/\/www.carrosserie-du-sud.com\/index.php\/wp-json\/wp\/v2\/comments?post=3043"}],"version-history":[{"count":19,"href":"https:\/\/www.carrosserie-du-sud.com\/index.php\/wp-json\/wp\/v2\/pages\/3043\/revisions"}],"predecessor-version":[{"id":3119,"href":"https:\/\/www.carrosserie-du-sud.com\/index.php\/wp-json\/wp\/v2\/pages\/3043\/revisions\/3119"}],"wp:attachment":[{"href":"https:\/\/www.carrosserie-du-sud.com\/index.php\/wp-json\/wp\/v2\/media?parent=3043"}],"curies":[{"name":"wp","href":"https:\/\/api.w.org\/{rel}","templated":true}]}}